{"id":2,"date":"2025-04-22T23:29:20","date_gmt":"2025-04-22T21:29:20","guid":{"rendered":"http:\/\/bezaiwp68.you2.pl\/?page_id=2"},"modified":"2025-11-07T14:01:22","modified_gmt":"2025-11-07T13:01:22","slug":"przykladowa-strona","status":"publish","type":"page","link":"https:\/\/twojszlak.you2.pl\/index.php\/przykladowa-strona\/","title":{"rendered":"O firmie"},"content":{"rendered":"\n<p>Tw\u00f3j Szlak to nie biuro podr\u00f3\u017cy, tylko warsztat marze\u0144 o podr\u00f3\u017cach. Zamiast gotowych pakiet\u00f3w z katalogu, tworzymy trasy szyte na miar\u0119 \u2013 dopasowane do Twojego tempa, zainteresowa\u0144 i bud\u017cetu. Wierzymy, \u017ce dobra podr\u00f3\u017c zaczyna si\u0119 od rozmowy, a nie od listy \u201emust see\u201d.<\/p>\n\n\n\n<p>Zajmujemy si\u0119 projektowaniem wyjazd\u00f3w indywidualnych i dla ma\u0142ych grup, pomagaj\u0105c odkrywa\u0107 miejsca tak, jakby\u015b by\u0142 ich cz\u0119\u015bci\u0105, a nie tylko turyst\u0105 z aparatem. Od g\u00f3rskich szlak\u00f3w i lokalnych smak\u00f3w, po nieoczywiste miasta i spotkania z lud\u017ami, kt\u00f3rzy nadaj\u0105 podr\u00f3\u017cy sens \u2013 planujemy wszystko, co sprawi, \u017ce wr\u00f3cisz z histori\u0105, nie z folderem.<\/p>\n\n\n\n<p>Tw\u00f3j Szlak to ludzie, kt\u00f3rzy znaj\u0105 r\u00f3\u017cnic\u0119 mi\u0119dzy <em>podr\u00f3\u017cowaniem<\/em> a <em>je\u017cd\u017ceniem<\/em>. \u0141\u0105czymy wiedz\u0119 o \u015bwiecie z do\u015bwiadczeniem w planowaniu i nut\u0105 spontaniczno\u015bci. Bo ka\u017cda dobra podr\u00f3\u017c ma w sobie odrobin\u0119 chaosu \u2013 my tylko dbamy, \u017ceby to by\u0142 ten w\u0142a\u015bciwy.<\/p>\n","protected":false},"excerpt":{"rendered":"<p>Tw\u00f3j Szlak to nie biuro podr\u00f3\u017cy, tylko warsztat marze\u0144 o podr\u00f3\u017cach. Zamiast gotowych pakiet\u00f3w z katalogu, tworzymy trasy szyte na miar\u0119 \u2013 dopasowane do Twojego tempa, zainteresowa\u0144 i bud\u017cetu. Wierzymy, \u017ce dobra podr\u00f3\u017c zaczyna si\u0119 od rozmowy, a nie od listy \u201emust see\u201d. Zajmujemy si\u0119 projektowaniem wyjazd\u00f3w indywidualnych i dla ma\u0142ych grup, pomagaj\u0105c odkrywa\u0107 miejsca [&hellip;]<\/p>\n","protected":false},"author":1,"featured_media":0,"parent":0,"menu_order":0,"comment_status":"closed","ping_status":"open","template":"","meta":{"om_disable_all_campaigns":false,"_monsterinsights_skip_tracking":false,"_monsterinsights_sitenote_active":false,"_monsterinsights_sitenote_note":"","_monsterinsights_sitenote_category":0,"footnotes":""},"class_list":["post-2","page","type-page","status-publish","hentry"],"aioseo_notices":[],"_links":{"self":[{"href":"https:\/\/twojszlak.you2.pl\/index.php\/wp-json\/wp\/v2\/pages\/2","targetHints":{"allow":["GET"]}}],"collection":[{"href":"https:\/\/twojszlak.you2.pl\/index.php\/wp-json\/wp\/v2\/pages"}],"about":[{"href":"https:\/\/twojszlak.you2.pl\/index.php\/wp-json\/wp\/v2\/types\/page"}],"author":[{"embeddable":true,"href":"https:\/\/twojszlak.you2.pl\/index.php\/wp-json\/wp\/v2\/users\/1"}],"replies":[{"embeddable":true,"href":"https:\/\/twojszlak.you2.pl\/index.php\/wp-json\/wp\/v2\/comments?post=2"}],"version-history":[{"count":2,"href":"https:\/\/twojszlak.you2.pl\/index.php\/wp-json\/wp\/v2\/pages\/2\/revisions"}],"predecessor-version":[{"id":45,"href":"https:\/\/twojszlak.you2.pl\/index.php\/wp-json\/wp\/v2\/pages\/2\/revisions\/45"}],"wp:attachment":[{"href":"https:\/\/twojszlak.you2.pl\/index.php\/wp-json\/wp\/v2\/media?parent=2"}],"curies":[{"name":"wp","href":"https:\/\/api.w.org\/{rel}","templated":true}]}}