{"id":46,"date":"2025-11-07T14:03:09","date_gmt":"2025-11-07T13:03:09","guid":{"rendered":"https:\/\/twojszlak.you2.pl\/?page_id=46"},"modified":"2025-11-07T14:03:09","modified_gmt":"2025-11-07T13:03:09","slug":"strona-glowna","status":"publish","type":"page","link":"https:\/\/twojszlak.you2.pl\/index.php\/strona-glowna\/","title":{"rendered":"Strona g\u0142\u00f3wna"},"content":{"rendered":"\n<p><strong>Tw\u00f3j Szlak \u2013 podr\u00f3\u017ce z sensem, nie z folderu.<\/strong><\/p>\n\n\n\n<p><br>Nie sprzedajemy wycieczek. Pomagamy Ci stworzy\u0107 w\u0142asn\u0105 histori\u0119 drogi.<br>Ty wybierasz kierunek \u2013 my rysujemy map\u0119, kt\u00f3rej nie znajdziesz w katalogach.<\/p>\n","protected":false},"excerpt":{"rendered":"<p>Tw\u00f3j Szlak \u2013 podr\u00f3\u017ce z sensem, nie z folderu. Nie sprzedajemy wycieczek. Pomagamy Ci stworzy\u0107 w\u0142asn\u0105 histori\u0119 drogi.Ty wybierasz kierunek \u2013 my rysujemy map\u0119, kt\u00f3rej nie znajdziesz w katalogach.<\/p>\n","protected":false},"author":1,"featured_media":0,"parent":0,"menu_order":0,"comment_status":"closed","ping_status":"closed","template":"","meta":{"om_disable_all_campaigns":false,"_monsterinsights_skip_tracking":false,"_monsterinsights_sitenote_active":false,"_monsterinsights_sitenote_note":"","_monsterinsights_sitenote_category":0,"footnotes":""},"class_list":["post-46","page","type-page","status-publish","hentry"],"aioseo_notices":[],"_links":{"self":[{"href":"https:\/\/twojszlak.you2.pl\/index.php\/wp-json\/wp\/v2\/pages\/46","targetHints":{"allow":["GET"]}}],"collection":[{"href":"https:\/\/twojszlak.you2.pl\/index.php\/wp-json\/wp\/v2\/pages"}],"about":[{"href":"https:\/\/twojszlak.you2.pl\/index.php\/wp-json\/wp\/v2\/types\/page"}],"author":[{"embeddable":true,"href":"https:\/\/twojszlak.you2.pl\/index.php\/wp-json\/wp\/v2\/users\/1"}],"replies":[{"embeddable":true,"href":"https:\/\/twojszlak.you2.pl\/index.php\/wp-json\/wp\/v2\/comments?post=46"}],"version-history":[{"count":1,"href":"https:\/\/twojszlak.you2.pl\/index.php\/wp-json\/wp\/v2\/pages\/46\/revisions"}],"predecessor-version":[{"id":47,"href":"https:\/\/twojszlak.you2.pl\/index.php\/wp-json\/wp\/v2\/pages\/46\/revisions\/47"}],"wp:attachment":[{"href":"https:\/\/twojszlak.you2.pl\/index.php\/wp-json\/wp\/v2\/media?parent=46"}],"curies":[{"name":"wp","href":"https:\/\/api.w.org\/{rel}","templated":true}]}}